{"id":346,"date":"2024-03-23T11:58:20","date_gmt":"2024-03-23T11:58:20","guid":{"rendered":"https:\/\/komjuniti22.rs\/sr\/?page_id=346"},"modified":"2026-01-19T17:26:28","modified_gmt":"2026-01-19T17:26:28","slug":"privacy-policy","status":"publish","type":"page","link":"https:\/\/komjuniti22.rs\/sr\/privacy-policy\/","title":{"rendered":"Privacy Policy"},"content":{"rendered":"\n<h2 class=\"wp-block-heading\">Ko smo mi<\/h2>\n\n\n\n<p>Adresa na\u0161e veb stranice je: <a href=\"https:\/\/komjuniti22.rs\/\">https:\/\/komjuniti22.rs<\/a>.<\/p>\n\n\n\n<h2 class=\"wp-block-heading\">Komentari<\/h2>\n\n\n\n<p>Kada posetioci ostave komentare na sajtu, prikupljamo podatke prikazane u obrascu za komentare, kao i IP adresu posetioca i string korisni\u010dkog agenta pretra\u017eiva\u010da kako bismo pomogli u otkrivanju ne\u017eeljene po\u0161te.<\/p>\n\n\n\n<p>Anonimizovani string kreiran od va\u0161e adrese e-po\u0161te (koji se naziva i he\u0161) mo\u017ee biti dostavljen Gravatar servisu da se vidi da li ga koristite. Politika privatnosti usluge Gravatar dostupna je ovde: https:\/\/automattic.com\/privaci\/. Nakon odobrenja va\u0161eg komentara, va\u0161a profilna slika je vidljiva javnosti u kontekstu va\u0161eg komentara.<\/p>\n\n\n\n<h2 class=\"wp-block-heading\">Mediji<\/h2>\n\n\n\n<p>Ako otpremate slike na veb lokaciju, trebalo bi da izbegavate otpremanje slika sa uklju\u010denim podacima o lokaciji (EKSIF GPS). Posetioci veb lokacije mogu da preuzmu i izvuku bilo koje podatke o lokaciji iz slika na veb lokaciji.<\/p>\n\n\n\n<h2 class=\"wp-block-heading\">Kola\u010di\u0107i<\/h2>\n\n\n\n<p>Ako ostavite komentar na na\u0161em sajtu, mo\u017eete se odlu\u010diti za \u010duvanje va\u0161eg imena, adrese e-po\u0161te i veb stranice u kola\u010di\u0107ima. Ovo su radi va\u0161e pogodnosti, tako da ne morate ponovo da popunjavate svoje podatke kada ostavljate drugi komentar. Ovi kola\u010di\u0107i \u0107e trajati godinu dana.<\/p>\n\n\n\n<p>Ako posetite na\u0161u stranicu za prijavu, mi \u0107emo postaviti privremeni kola\u010di\u0107 da bismo utvrdili da li va\u0161 pretra\u017eiva\u010d prihvata kola\u010di\u0107e. Ovaj kola\u010di\u0107 ne sadr\u017ei li\u010dne podatke i odbacuje se kada zatvorite pretra\u017eiva\u010d.<\/p>\n\n\n\n<p>Kada se prijavite, tako\u0111e \u0107emo postaviti nekoliko kola\u010di\u0107a da bismo sa\u010duvali va\u0161e podatke za prijavu i izbor prikaza na ekranu. Kola\u010di\u0107i za prijavu traju dva dana, a kola\u010di\u0107i sa opcijama ekrana traju godinu dana. Ako izaberete \u201eZapamti me\u201c, va\u0161a prijava \u0107e trajati dve nedelje. Ako se odjavite sa svog naloga, kola\u010di\u0107i za prijavu \u0107e biti uklonjeni.<\/p>\n\n\n\n<p>Ako izmenite ili objavite \u010dlanak, dodatni kola\u010di\u0107 \u0107e biti sa\u010duvan u va\u0161em pretra\u017eiva\u010du. Ovaj kola\u010di\u0107 ne uklju\u010duje li\u010dne podatke i jednostavno ukazuje na ID posta \u010dlanka koji ste upravo uredili. Isti\u010de nakon 1 dana.<\/p>\n\n\n\n<h2 class=\"wp-block-heading\">Ugra\u0111eni sadr\u017eaj sa drugih veb lokacija<\/h2>\n\n\n\n<p>\u010clanci na ovom sajtu mogu da sadr\u017ee ugra\u0111eni sadr\u017eaj (npr. video zapise, slike, \u010dlanke itd.). Ugra\u0111eni sadr\u017eaj sa drugih veb lokacija pona\u0161a se na potpuno isti na\u010din kao da je posetilac posetio drugu veb lokaciju.<\/p>\n\n\n\n<p>Ovi veb-sajtovi mogu da prikupljaju podatke o vama, koriste kola\u010di\u0107e, ugra\u0111uju dodatno pra\u0107enje tre\u0107e strane i nadgledaju va\u0161u interakciju sa tim ugra\u0111enim sadr\u017eajem, uklju\u010duju\u0107i pra\u0107enje va\u0161e interakcije sa ugra\u0111enim sadr\u017eajem ako imate nalog i prijavljeni ste na tu veb lokaciju.<\/p>\n\n\n\n<h2 class=\"wp-block-heading\">Sa kim delimo va\u0161e podatke<\/h2>\n\n\n\n<p>Ako zatra\u017eite resetovanje lozinke, va\u0161a IP adresa \u0107e biti uklju\u010dena u imejl za resetovanje.<\/p>\n\n\n\n<h2 class=\"wp-block-heading\">Koliko dugo \u010duvamo va\u0161e podatke<\/h2>\n\n\n\n<p>Ako ostavite komentar, komentar i njegovi metapodaci se zadr\u017eavaju neograni\u010deno. Ovo je tako da mo\u017eemo automatski prepoznati i odobriti sve naknadne komentare umesto da ih dr\u017eimo u redu za moderiranje.<\/p>\n\n\n\n<p>Za korisnike koji se registruju na na\u0161oj veb stranici (ako ih ima), tako\u0111e \u010duvamo li\u010dne podatke koje oni daju u svom korisni\u010dkom profilu. Svi korisnici mogu da vide, izmene ili izbri\u0161u svoje li\u010dne podatke u bilo kom trenutku (osim \u0161to ne mogu da promene svoje korisni\u010dko ime). Administratori veb lokacija tako\u0111e mogu da vide i ure\u0111uju te informacije.<\/p>\n\n\n\n<h2 class=\"wp-block-heading\">Koja prava imate nad svojim podacima<\/h2>\n\n\n\n<p>Ako imate nalog na ovom sajtu ili ste ostavili komentare, mo\u017eete zatra\u017eiti da dobijete izvezenu datoteku li\u010dnih podataka koje \u010duvamo o vama, uklju\u010duju\u0107i sve podatke koje ste nam dostavili. Tako\u0111e mo\u017eete zahtevati da izbri\u0161emo sve li\u010dne podatke koje imamo o vama. Ovo ne uklju\u010duje podatke koje smo u obavezi da \u010duvamo u administrativne, pravne ili bezbednosne svrhe.<\/p>\n\n\n\n<h2 class=\"wp-block-heading\">Gde se \u0161alju va\u0161i podaci<\/h2>\n\n\n\n<p>Komentari posetilaca se mogu proveriti putem automatizovane usluge otkrivanja ne\u017eeljene po\u0161te.<\/p>\n","protected":false},"excerpt":{"rendered":"<p>Ko smo mi Adresa na\u0161e veb stranice je: https:\/\/komjuniti22.rs. Komentari Kada posetioci ostave komentare na sajtu, prikupljamo podatke prikazane u obrascu za komentare, kao i IP adresu posetioca i string korisni\u010dkog agenta pretra\u017eiva\u010da kako bismo pomogli u otkrivanju ne\u017eeljene po\u0161te. Anonimizovani string kreiran od va\u0161e adrese e-po\u0161te (koji se naziva i he\u0161) mo\u017ee biti dostavljen [&hellip;]<\/p>\n","protected":false},"author":1,"featured_media":0,"parent":0,"menu_order":0,"comment_status":"closed","ping_status":"closed","template":"","meta":{"_siteseo_robots_primary_cat":"","inline_featured_image":false,"_eb_attr":"","site-sidebar-layout":"default","site-content-layout":"","ast-site-content-layout":"default","site-content-style":"default","site-sidebar-style":"default","ast-global-header-display":"","ast-banner-title-visibility":"","ast-main-header-display":"","ast-hfb-above-header-display":"","ast-hfb-below-header-display":"","ast-hfb-mobile-header-display":"","site-post-title":"","ast-breadcrumbs-content":"","ast-featured-img":"","footer-sml-layout":"","theme-transparent-header-meta":"","adv-header-id-meta":"","stick-header-meta":"","header-above-stick-meta":"","header-main-stick-meta":"","header-below-stick-meta":"","astra-migrate-meta-layouts":"set","ast-page-background-enabled":"default","ast-page-background-meta":{"desktop":{"background-color":"","background-image":"","background-repeat":"repeat","background-position":"center center","background-size":"auto","background-attachment":"scroll","background-type":"","background-media":"","overlay-type":"","overlay-color":"","overlay-gradient":""},"tablet":{"background-color":"","background-image":"","background-repeat":"repeat","background-position":"center center","background-size":"auto","background-attachment":"scroll","background-type":"","background-media":"","overlay-type":"","overlay-color":"","overlay-gradient":""},"mobile":{"background-color":"","background-image":"","background-repeat":"repeat","background-position":"center center","background-size":"auto","background-attachment":"scroll","background-type":"","background-media":"","overlay-type":"","overlay-color":"","overlay-gradient":""}},"ast-content-background-meta":{"desktop":{"background-color":"var(--ast-global-color-5)","background-image":"","background-repeat":"repeat","background-position":"center center","background-size":"auto","background-attachment":"scroll","background-type":"","background-media":"","overlay-type":"","overlay-color":"","overlay-gradient":""},"tablet":{"background-color":"var(--ast-global-color-5)","background-image":"","background-repeat":"repeat","background-position":"center center","background-size":"auto","background-attachment":"scroll","background-type":"","background-media":"","overlay-type":"","overlay-color":"","overlay-gradient":""},"mobile":{"background-color":"var(--ast-global-color-5)","background-image":"","background-repeat":"repeat","background-position":"center center","background-size":"auto","background-attachment":"scroll","background-type":"","background-media":"","overlay-type":"","overlay-color":"","overlay-gradient":""}},"footnotes":""},"class_list":["post-346","page","type-page","status-publish","hentry"],"_links":{"self":[{"href":"https:\/\/komjuniti22.rs\/sr\/wp-json\/wp\/v2\/pages\/346","targetHints":{"allow":["GET"]}}],"collection":[{"href":"https:\/\/komjuniti22.rs\/sr\/wp-json\/wp\/v2\/pages"}],"about":[{"href":"https:\/\/komjuniti22.rs\/sr\/wp-json\/wp\/v2\/types\/page"}],"author":[{"embeddable":true,"href":"https:\/\/komjuniti22.rs\/sr\/wp-json\/wp\/v2\/users\/1"}],"replies":[{"embeddable":true,"href":"https:\/\/komjuniti22.rs\/sr\/wp-json\/wp\/v2\/comments?post=346"}],"version-history":[{"count":3,"href":"https:\/\/komjuniti22.rs\/sr\/wp-json\/wp\/v2\/pages\/346\/revisions"}],"predecessor-version":[{"id":2394,"href":"https:\/\/komjuniti22.rs\/sr\/wp-json\/wp\/v2\/pages\/346\/revisions\/2394"}],"wp:attachment":[{"href":"https:\/\/komjuniti22.rs\/sr\/wp-json\/wp\/v2\/media?parent=346"}],"curies":[{"name":"wp","href":"https:\/\/api.w.org\/{rel}","templated":true}]}}